{"id":385,"date":"2023-02-23T20:06:02","date_gmt":"2023-02-23T20:06:02","guid":{"rendered":"https:\/\/loventi.com\/?page_id=385"},"modified":"2024-03-26T05:28:35","modified_gmt":"2024-03-26T05:28:35","slug":"contact","status":"publish","type":"page","link":"https:\/\/loventi.com\/tr\/contact\/","title":{"rendered":"\u0130leti\u015fim"},"content":{"rendered":"<div class=\"row row-collapse row-full-width\"  id=\"row-1015174399\">\n\n\t<div id=\"col-197820617\" class=\"col small-12 large-12\"  >\n\t\t\t\t<div class=\"col-inner\"  >\n\t\t\t\n\t\t\t\n\t<section class=\"section\" id=\"section_1745958775\">\n\t\t<div class=\"bg section-bg fill bg-fill\" >\n\n\t\t\t\n\t\t\t<div class=\"section-bg-overlay absolute fill\"><\/div>\n\t\t\t\n\n\t\t<\/div>\n\n\t\t\n\n\t\t<div class=\"section-content relative\">\n\t\t\t\n<div class=\"row row-collapse align-center\" style=\"max-width:\" id=\"row-536793257\">\n\n\t<div id=\"col-2046955704\" class=\"col small-12 large-12\"  >\n\t\t\t\t<div class=\"col-inner text-center dark\"  >\n\t\t\t\n\t\t\t\n<h1><span style=\"font-size: 250%;\">\u0130leti\u015fim<\/span><\/h1>\n<p class=\"lead\"><span style=\"font-size: 120%;\">Bize mesaj g\u00f6nderin<\/span><\/p>\n\t\t<\/div>\n\t\t\t\t\n<style>\n#col-2046955704 > .col-inner {\n  padding: 100px 20px 200px 0px;\n}\n@media (min-width:550px) {\n  #col-2046955704 > .col-inner {\n    padding: 100px 0px 200px 0px;\n  }\n}\n<\/style>\n\t<\/div>\n\n\t\n<\/div>\n\t\t<\/div>\n\n\t\t\n<style>\n#section_1745958775 {\n  padding-top: 0px;\n  padding-bottom: 0px;\n  min-height: 0px;\n}\n#section_1745958775 .section-bg-overlay {\n  background-color: rgba(0, 0, 0, 0.12);\n}\n#section_1745958775 .section-bg.bg-loaded {\n  background-image: url(https:\/\/loventi.com\/wp-content\/uploads\/2023\/02\/J0A4956-Logolu.jpg);\n}\n#section_1745958775 .section-bg {\n  background-position: 61% 26%;\n}\n#section_1745958775 .ux-shape-divider--top svg {\n  height: 150px;\n  --divider-top-width: 100%;\n}\n#section_1745958775 .ux-shape-divider--bottom svg {\n  height: 150px;\n  --divider-width: 100%;\n}\n@media (min-width:550px) {\n  #section_1745958775 {\n    padding-top: 0px;\n    padding-bottom: 0px;\n  }\n  #section_1745958775 .section-bg-overlay {\n    background-color: rgba(0, 0, 0, 0.21);\n  }\n}\n@media (min-width:850px) {\n  #section_1745958775 {\n    padding-top: 100px;\n    padding-bottom: 100px;\n  }\n  #section_1745958775 .section-bg-overlay {\n    background-color: rgba(0, 0, 0, 0.12);\n  }\n}\n<\/style>\n\t<\/section>\n\t\n\t\t<\/div>\n\t\t\t\t\n<style>\n#col-197820617 > .col-inner {\n  padding: 0px 30px 0px 30px;\n}\n<\/style>\n\t<\/div>\n\n\t\n<\/div>\n<div class=\"row row-large\" style=\"max-width:1400px\" id=\"row-1511070085\">\n\n\t<div id=\"col-988263450\" class=\"col small-12 large-12\"  >\n\t\t\t\t<div class=\"col-inner\" style=\"background-color:rgb(255, 255, 255);\" >\n\t\t\t\n\t\t\t\n<div class=\"row row-collapse row-full-width\"  id=\"row-1660067069\">\n\n\t<div id=\"col-2129445202\" class=\"col medium-12 small-12 large-6\"  >\n\t\t\t\t<div class=\"col-inner\"  >\n\t\t\t\n\t\t\t\n\t<div id=\"text-3527141138\" class=\"text\">\n\t\t\n<h2><span style=\"font-size: 120%;\">Bize Ula\u015f\u0131n<\/span><\/h2>\n\t\t\n<style>\n#text-3527141138 {\n  color: rgb(227, 30, 36);\n}\n#text-3527141138 > * {\n  color: rgb(227, 30, 36);\n}\n<\/style>\n\t<\/div>\n\t\n\t<div id=\"gap-892789095\" class=\"gap-element clearfix\" style=\"display:block; height:auto;\">\n\t\t\n<style>\n#gap-892789095 {\n  padding-top: 20px;\n}\n@media (min-width:550px) {\n  #gap-892789095 {\n    padding-top: 20px;\n  }\n}\n@media (min-width:850px) {\n  #gap-892789095 {\n    padding-top: 30px;\n  }\n}\n<\/style>\n\t<\/div>\n\t\n<div class=\"row\"  id=\"row-981971968\">\n\n\t<div id=\"col-1463639018\" class=\"col medium-8 small-12 large-8\"  >\n\t\t\t\t<div class=\"col-inner\"  >\n\t\t\t\n\t\t\t\n\t<div class=\"img has-hover x md-x lg-x y md-y lg-y\" id=\"image_654279764\">\n\t\t\t\t\t\t\t\t<div class=\"img-inner dark\" >\n\t\t\t<img loading=\"lazy\" decoding=\"async\" width=\"240\" height=\"240\" src=\"https:\/\/loventi.com\/wp-content\/uploads\/2023\/02\/map-pin-2-fill-2-red.png\" class=\"attachment-large size-large\" alt=\"\" srcset=\"https:\/\/loventi.com\/wp-content\/uploads\/2023\/02\/map-pin-2-fill-2-red.png 240w, https:\/\/loventi.com\/wp-content\/uploads\/2023\/02\/map-pin-2-fill-2-red-100x100.png 100w\" sizes=\"auto, (max-width: 240px) 100vw, 240px\" \/>\t\t\t\t\t\t\n\t\t\t\t\t<\/div>\n\t\t\t\t\t\t\t\t\n<style>\n#image_654279764 {\n  width: 15%;\n}\n@media (min-width:550px) {\n  #image_654279764 {\n    width: 20%;\n  }\n}\n<\/style>\n\t<\/div>\n\t\n<h3 class=\"uppercase\">Adres<\/h3>\n<p>\u0130kitelli OSB Metal \u0130\u015f Sanayi Sitesi 12A Blok, D:17, 34490 Ba\u015fak\u015fehir\/\u0130stanbul<\/p>\n\t\t<\/div>\n\t\t\t\t\t<\/div>\n\n\t\n<\/div>\n<div class=\"row\"  id=\"row-251109004\">\n\n\t<div id=\"col-2045826077\" class=\"col medium-6 small-12 large-6\"  >\n\t\t\t\t<div class=\"col-inner\"  >\n\t\t\t\n\t\t\t\n\t<div class=\"img has-hover x md-x lg-x y md-y lg-y\" id=\"image_1388068340\">\n\t\t\t\t\t\t\t\t<div class=\"img-inner dark\" >\n\t\t\t<img loading=\"lazy\" decoding=\"async\" width=\"240\" height=\"240\" src=\"https:\/\/loventi.com\/wp-content\/uploads\/2023\/02\/mail-open-fill-red.png\" class=\"attachment-large size-large\" alt=\"\" srcset=\"https:\/\/loventi.com\/wp-content\/uploads\/2023\/02\/mail-open-fill-red.png 240w, https:\/\/loventi.com\/wp-content\/uploads\/2023\/02\/mail-open-fill-red-100x100.png 100w\" sizes=\"auto, (max-width: 240px) 100vw, 240px\" \/>\t\t\t\t\t\t\n\t\t\t\t\t<\/div>\n\t\t\t\t\t\t\t\t\n<style>\n#image_1388068340 {\n  width: 15%;\n}\n@media (min-width:550px) {\n  #image_1388068340 {\n    width: 20%;\n  }\n}\n<\/style>\n\t<\/div>\n\t\n<h3 class=\"uppercase\">E-mail<\/h3>\n<p><a href=\"mailto:info@loventi.com\">info@loventi.com<\/a><\/p>\n\t\t<\/div>\n\t\t\t\t\t<\/div>\n\n\t\n\n\t<div id=\"col-265740019\" class=\"col medium-6 small-12 large-6\"  >\n\t\t\t\t<div class=\"col-inner\"  >\n\t\t\t\n\t\t\t\n\t\t<\/div>\n\t\t\t\t\t<\/div>\n\n\t\n<\/div>\n\t\t<\/div>\n\t\t\t\t\n<style>\n#col-2129445202 > .col-inner {\n  padding: 0px 0px 0px 20px;\n}\n<\/style>\n\t<\/div>\n\n\t\n\n\t<div id=\"col-1829295927\" class=\"col medium-12 small-12 large-6\"  >\n\t\t\t\t<div class=\"col-inner\"  >\n\t\t\t\n\t\t\t\n\t<div id=\"text-34851540\" class=\"text\">\n\t\t\n<h2><span style=\"font-size: 120%;\">Bir soru sor<\/span><\/h2>\n\t\t\n<style>\n#text-34851540 {\n  color: rgb(227, 30, 36);\n}\n#text-34851540 > * {\n  color: rgb(227, 30, 36);\n}\n<\/style>\n\t<\/div>\n\t\n\t<div id=\"gap-1303202071\" class=\"gap-element clearfix\" style=\"display:block; height:auto;\">\n\t\t\n<style>\n#gap-1303202071 {\n  padding-top: 20px;\n}\n@media (min-width:550px) {\n  #gap-1303202071 {\n    padding-top: 20px;\n  }\n}\n@media (min-width:850px) {\n  #gap-1303202071 {\n    padding-top: 30px;\n  }\n}\n<\/style>\n\t<\/div>\n\t\n\n<div class=\"wpcf7 no-js\" id=\"wpcf7-f13-o1\" lang=\"en-US\" dir=\"ltr\">\n<div class=\"screen-reader-response\"><p role=\"status\" aria-live=\"polite\" aria-atomic=\"true\"><\/p> <ul><\/ul><\/div>\n<form action=\"\/tr\/wp-json\/wp\/v2\/pages\/385#wpcf7-f13-o1\" method=\"post\" class=\"wpcf7-form init\" aria-label=\"Contact form\" novalidate=\"novalidate\" data-status=\"init\" data-trp-original-action=\"\/tr\/wp-json\/wp\/v2\/pages\/385#wpcf7-f13-o1\">\n<div style=\"display: none;\">\n<input type=\"hidden\" name=\"_wpcf7\" value=\"13\" \/>\n<input type=\"hidden\" name=\"_wpcf7_version\" value=\"5.7.6\" \/>\n<input type=\"hidden\" name=\"_wpcf7_locale\" value=\"en_US\" \/>\n<input type=\"hidden\" name=\"_wpcf7_unit_tag\" value=\"wpcf7-f13-o1\" \/>\n<input type=\"hidden\" name=\"_wpcf7_container_post\" value=\"0\" \/>\n<input type=\"hidden\" name=\"_wpcf7_posted_data_hash\" value=\"\" \/>\n<input type=\"hidden\" name=\"_wpcf7_recaptcha_response\" value=\"\" \/>\n<\/div>\n<p><label> Ad\u0131<br \/>\n<span class=\"wpcf7-form-control-wrap\" data-name=\"your-name\"><input size=\"40\" class=\"wpcf7-form-control wpcf7-text wpcf7-validates-as-required\" autocomplete=\"name\" aria-required=\"true\" aria-invalid=\"false\" value=\"\" type=\"text\" name=\"your-name\" \/><\/span> <\/label>\n<\/p>\n<p><label> E-Mail<br \/>\n<span class=\"wpcf7-form-control-wrap\" data-name=\"your-email\"><input size=\"40\" class=\"wpcf7-form-control wpcf7-text wpcf7-email wpcf7-validates-as-required wpcf7-validates-as-email\" autocomplete=\"email\" aria-required=\"true\" aria-invalid=\"false\" value=\"\" type=\"email\" name=\"your-email\" \/><\/span> <\/label>\n<\/p>\n<p><label> Konu<br \/>\n<span class=\"wpcf7-form-control-wrap\" data-name=\"your-subject\"><input size=\"40\" class=\"wpcf7-form-control wpcf7-text wpcf7-validates-as-required\" aria-required=\"true\" aria-invalid=\"false\" value=\"\" type=\"text\" name=\"your-subject\" \/><\/span> <\/label>\n<\/p>\n<p><label> Mesaj<br \/>\n<span class=\"wpcf7-form-control-wrap\" data-name=\"your-message\"><textarea cols=\"40\" rows=\"10\" class=\"wpcf7-form-control wpcf7-textarea\" aria-invalid=\"false\" name=\"your-message\"><\/textarea><\/span> <\/label><br \/>\n<div id=\"cf7sr-69f35fd5a6061\" class=\"cf7sr-g-recaptcha\" data-sitekey=\"6LdFaeAlAAAAAC-PwJKpEAiwvkW-Bm31u1WjtWlj\"><\/div><span class=\"wpcf7-form-control-wrap cf7sr-recaptcha\" data-name=\"cf7sr-recaptcha\"><input type=\"hidden\" name=\"cf7sr-recaptcha\" value=\"\" class=\"wpcf7-form-control\"><\/span><br \/>\n<input class=\"wpcf7-form-control has-spinner wpcf7-submit\" type=\"submit\" value=\"G\u00f6nder\" \/>\n<\/p><p style=\"display: none !important;\"><label>&#916;<textarea name=\"_wpcf7_ak_hp_textarea\" cols=\"45\" rows=\"8\" maxlength=\"100\"><\/textarea><\/label><input type=\"hidden\" id=\"ak_js_1\" name=\"_wpcf7_ak_js\" value=\"11\"\/><script>document.getElementById( \"ak_js_1\" ).setAttribute( \"value\", ( new Date() ).getTime() );<\/script><\/p><div class=\"wpcf7-response-output\" aria-hidden=\"true\"><\/div>\n<input type=\"hidden\" name=\"trp-form-language\" value=\"tr\"\/><\/form>\n<\/div>\n\n\t\t<\/div>\n\t\t\t\t\t<\/div>\n\n\t\n\n<style>\n#row-1660067069 > .col > .col-inner {\n  padding: 0px 15px 0px 15px;\n}\n<\/style>\n<\/div>\n\t\t<\/div>\n\t\t\t\t\n<style>\n#col-988263450 > .col-inner {\n  padding: 50px 20px 0px 20px;\n  margin: -0 0px 0px 0px;\n}\n@media (min-width:550px) {\n  #col-988263450 > .col-inner {\n    padding: 50px 20px 30px 20px;\n    margin: 0 0px 0px 0px;\n  }\n}\n@media (min-width:850px) {\n  #col-988263450 > .col-inner {\n    padding: 66px 5% 16px 5%;\n    margin: -135px 0px 0px 0px;\n  }\n}\n<\/style>\n\t<\/div>\n\n\t\n<\/div>\n<div class=\"row row-collapse row-full-width\"  id=\"row-1858707075\">\n\n\t<div id=\"col-1242864970\" class=\"col small-12 large-12\"  >\n\t\t\t\t<div class=\"col-inner\"  >\n\t\t\t\n\t\t\t\n\n<p><iframe loading=\"lazy\" style=\"border: 0;\" src=\"https:\/\/www.google.com\/maps\/embed?pb=!1m14!1m8!1m3!1d12032.09573159747!2d28.7991973!3d41.0684695!3m2!1i1024!2i768!4f13.1!3m3!1m2!1s0x14cac55b011a1f67%3A0xa511307500660c70!2sLoventi!5e0!3m2!1str!2str!4v1677354690618!5m2!1str!2str\" width=\"3000\" height=\"600\" allowfullscreen=\"allowfullscreen\"><\/iframe><br \/>\n\n<div class=\"row row-collapse row-box-shadow-1 row-box-shadow-1-hover\"  id=\"row-1654526612\">\n\n\t<div id=\"col-172247360\" class=\"col small-12 large-12\"  >\n\t\t\t\t<div class=\"col-inner text-center\"  >\n\t\t\t\n\t\t\t\n\t<div class=\"img has-hover x md-x lg-x y md-y lg-y\" id=\"image_1807911344\">\n\t\t<a class=\"\" href=\"https:\/\/g.page\/r\/CXAMZgB1MBGlEAI\/review\"  >\t\t\t\t\t\t<div class=\"img-inner dark\" >\n\t\t\t<img loading=\"lazy\" decoding=\"async\" width=\"576\" height=\"540\" src=\"https:\/\/loventi.com\/wp-content\/uploads\/2023\/09\/Loventi-Waffle-Bakers-comment.jpg\" class=\"attachment-large size-large\" alt=\"\" srcset=\"https:\/\/loventi.com\/wp-content\/uploads\/2023\/09\/Loventi-Waffle-Bakers-comment.jpg 576w, https:\/\/loventi.com\/wp-content\/uploads\/2023\/09\/Loventi-Waffle-Bakers-comment-427x400.jpg 427w, https:\/\/loventi.com\/wp-content\/uploads\/2023\/09\/Loventi-Waffle-Bakers-comment-13x12.jpg 13w\" sizes=\"auto, (max-width: 576px) 100vw, 576px\" \/>\t\t\t\t\t\t\n\t\t\t\t\t<\/div>\n\t\t\t\t\t\t<\/a>\t\t\n<style>\n#image_1807911344 {\n  width: 23%;\n}\n<\/style>\n\t<\/div>\n\t\n\t\t<\/div>\n\t\t\t\t\n<style>\n#col-172247360 > .col-inner {\n  padding: 0px 30px 0px 30px;\n}\n<\/style>\n\t<\/div>\n\n\t\n<\/div>\n\t\t<\/div>\n\t\t\t\t\n<style>\n#col-1242864970 > .col-inner {\n  padding: 0px 30px 0px 30px;\n}\n<\/style>\n\t<\/div>\n\n\t\n<\/div>","protected":false},"excerpt":{"rendered":"","protected":false},"author":1,"featured_media":0,"parent":0,"menu_order":0,"comment_status":"closed","ping_status":"closed","template":"","meta":{"footnotes":""},"class_list":["post-385","page","type-page","status-publish","hentry"],"_links":{"self":[{"href":"https:\/\/loventi.com\/tr\/wp-json\/wp\/v2\/pages\/385","targetHints":{"allow":["GET"]}}],"collection":[{"href":"https:\/\/loventi.com\/tr\/wp-json\/wp\/v2\/pages"}],"about":[{"href":"https:\/\/loventi.com\/tr\/wp-json\/wp\/v2\/types\/page"}],"author":[{"embeddable":true,"href":"https:\/\/loventi.com\/tr\/wp-json\/wp\/v2\/users\/1"}],"replies":[{"embeddable":true,"href":"https:\/\/loventi.com\/tr\/wp-json\/wp\/v2\/comments?post=385"}],"version-history":[{"count":13,"href":"https:\/\/loventi.com\/tr\/wp-json\/wp\/v2\/pages\/385\/revisions"}],"predecessor-version":[{"id":988,"href":"https:\/\/loventi.com\/tr\/wp-json\/wp\/v2\/pages\/385\/revisions\/988"}],"wp:attachment":[{"href":"https:\/\/loventi.com\/tr\/wp-json\/wp\/v2\/media?parent=385"}],"curies":[{"name":"wp","href":"https:\/\/api.w.org\/{rel}","templated":true}]}}