{"id":874,"date":"2023-07-05T11:15:18","date_gmt":"2023-07-05T11:15:18","guid":{"rendered":"https:\/\/loventi.com\/?page_id=874"},"modified":"2023-07-05T11:42:21","modified_gmt":"2023-07-05T11:42:21","slug":"partner","status":"publish","type":"page","link":"https:\/\/loventi.com\/tr\/partner\/","title":{"rendered":"Partner"},"content":{"rendered":"<style>\n    \/* \u0130frame'\u0131n container'\u0131na stil vermek i\u00e7in kullanaca\u011f\u0131m\u0131z bir class belirleyelim *\/\n    .iframe-container {\n        overflow: hidden; \/* \u0130\u00e7eri\u011fin ta\u015fmas\u0131n\u0131 engeller *\/\n        position: relative; \/* Pozisyonlama i\u00e7in gerekli *\/\n        height: 450px; \/* \u0130frame y\u00fcksekli\u011fi *\/\nmargin-top: 75px;\nheight: 900px;\n    }<\/p>\n<p>    \/* \u0130frame'\u0131 i\u00e7ine alacak container'\u0131n i\u00e7erisindeki i\u00e7eri\u011fi kayd\u0131rmak i\u00e7in kullanaca\u011f\u0131m\u0131z bir class belirleyelim *\/\n    .iframe-content {\n        position: absolute; \/* Pozisyonlama i\u00e7in gerekli *\/\n        top: -210px; \/* \u0130\u00e7eri\u011fi 50 piksel yukar\u0131 kayd\u0131r\u0131r *\/\n        width: 100%; \/* \u0130\u00e7eri\u011fi tam geni\u015flikte tutar *\/\n        height: calc(100% + 50px); \/* \u0130\u00e7eri\u011fi tam y\u00fckseklikte tutar, 50 piksel daha fazla y\u00fckseklik *\/\n    }\n<\/style>\n<div class=\"iframe-container\">\n    <iframe src=\"https:\/\/www.ckitchen.com\/convenience-store.html\" frameborder=\"0\" class=\"iframe-content\"><\/iframe>\n<\/div>","protected":false},"excerpt":{"rendered":"","protected":false},"author":1,"featured_media":0,"parent":0,"menu_order":0,"comment_status":"closed","ping_status":"closed","template":"","meta":{"footnotes":""},"class_list":["post-874","page","type-page","status-publish","hentry"],"_links":{"self":[{"href":"https:\/\/loventi.com\/tr\/wp-json\/wp\/v2\/pages\/874","targetHints":{"allow":["GET"]}}],"collection":[{"href":"https:\/\/loventi.com\/tr\/wp-json\/wp\/v2\/pages"}],"about":[{"href":"https:\/\/loventi.com\/tr\/wp-json\/wp\/v2\/types\/page"}],"author":[{"embeddable":true,"href":"https:\/\/loventi.com\/tr\/wp-json\/wp\/v2\/users\/1"}],"replies":[{"embeddable":true,"href":"https:\/\/loventi.com\/tr\/wp-json\/wp\/v2\/comments?post=874"}],"version-history":[{"count":4,"href":"https:\/\/loventi.com\/tr\/wp-json\/wp\/v2\/pages\/874\/revisions"}],"predecessor-version":[{"id":878,"href":"https:\/\/loventi.com\/tr\/wp-json\/wp\/v2\/pages\/874\/revisions\/878"}],"wp:attachment":[{"href":"https:\/\/loventi.com\/tr\/wp-json\/wp\/v2\/media?parent=874"}],"curies":[{"name":"wp","href":"https:\/\/api.w.org\/{rel}","templated":true}]}}