{"id":91,"date":"2013-08-11T19:06:15","date_gmt":"2013-08-11T19:06:15","guid":{"rendered":"http:\/\/localhost:8888\/test\/?page_id=520"},"modified":"2024-08-21T19:32:03","modified_gmt":"2024-08-21T19:32:03","slug":"about","status":"publish","type":"page","link":"https:\/\/loventi.com\/tr\/about\/","title":{"rendered":"Hakk\u0131m\u0131zda"},"content":{"rendered":"<section class=\"section\" id=\"section_682164246\">\n\t\t<div class=\"bg section-bg fill bg-fill\" >\n\n\t\t\t\n\t\t\t\n\t\t\t\n\n\t\t<\/div>\n\n\t\t\n\n\t\t<div class=\"section-content relative\">\n\t\t\t\n<div class=\"row align-center\"  id=\"row-974571571\">\n\n\t<div id=\"col-718656625\" class=\"col medium-7 small-12 large-8\"  >\n\t\t\t\t<div class=\"col-inner\"  >\n\t\t\t\n\t\t\t\n\t<div id=\"text-653053338\" class=\"text\">\n\t\t\n<h1><span style=\"font-size: 250%;\">Hakk\u0131m\u0131zda<\/span><\/h1>\n\t\t\n<style>\n#text-653053338 {\n  text-align: center;\n  color: rgb(255, 255, 255);\n}\n#text-653053338 > * {\n  color: rgb(255, 255, 255);\n}\n<\/style>\n\t<\/div>\n\t\n\t\t<\/div>\n\t\t\t\t\t<\/div>\n\n\t\n<\/div>\n\t\t<\/div>\n\n\t\t\n<style>\n#section_682164246 {\n  padding-top: 30px;\n  padding-bottom: 30px;\n  min-height: 350px;\n  background-color: #6fa6d4;\n}\n#section_682164246 .section-bg.bg-loaded {\n  background-image: url(https:\/\/loventi.com\/wp-content\/uploads\/2023\/02\/J0A9978-copy.jpg);\n}\n#section_682164246 .section-bg {\n  background-position: 7% 71%;\n}\n#section_682164246 .ux-shape-divider--top svg {\n  height: 150px;\n  --divider-top-width: 100%;\n}\n#section_682164246 .ux-shape-divider--bottom svg {\n  height: 150px;\n  --divider-width: 100%;\n}\n@media (min-width:550px) {\n  #section_682164246 {\n    min-height: 620px;\n  }\n}\n<\/style>\n\t<\/section>\n\t\n\t<section class=\"section\" id=\"section_1138205554\">\n\t\t<div class=\"bg section-bg fill bg-fill  bg-loaded\" >\n\n\t\t\t\n\t\t\t\n\t\t\t\n\n\t\t<\/div>\n\n\t\t\n\n\t\t<div class=\"section-content relative\">\n\t\t\t\n\t<div id=\"gap-419129017\" class=\"gap-element clearfix\" style=\"display:block; height:auto;\">\n\t\t\n<style>\n#gap-419129017 {\n  padding-top: 30px;\n}\n<\/style>\n\t<\/div>\n\t\n<div class=\"row row-large align-middle\" style=\"max-width:1300px\" id=\"row-858483953\">\n\n\t<div id=\"col-532390049\" class=\"col medium-12 small-12 large-7\"  >\n\t\t\t\t<div class=\"col-inner\"  >\n\t\t\t\n\t\t\t\n<div class=\"slider-wrapper relative\" id=\"slider-271745187\" >\n    <div class=\"slider slider-nav-simple slider-nav-normal slider-nav-light slider-style-normal slider-show-nav\"\n        data-flickity-options='{            \"cellAlign\": \"center\",            \"imagesLoaded\": true,            \"lazyLoad\": 1,            \"freeScroll\": false,            \"wrapAround\": true,            \"autoPlay\": 6000,            \"pauseAutoPlayOnHover\" : false,            \"prevNextButtons\": true,            \"contain\" : true,            \"adaptiveHeight\" : true,            \"dragThreshold\" : 10,            \"percentPosition\": true,            \"pageDots\": false,            \"rightToLeft\": false,            \"draggable\": true,            \"selectedAttraction\": 0.1,            \"parallax\" : 0,            \"friction\": 0.6        }'\n        >\n        \n\n  <div class=\"banner has-hover\" id=\"banner-1344408130\">\n          <div class=\"banner-inner fill\">\n        <div class=\"banner-bg fill\" >\n            <div class=\"bg fill bg-fill\"><\/div>\n                                    \n                    <\/div>\n\t\t\n        <div class=\"banner-layers container\">\n            <div class=\"fill banner-link\"><\/div>            \n        <\/div>\n      <\/div>\n\n            \n<style>\n#banner-1344408130 {\n  padding-top: 300px;\n  background-color: rgb(255, 255, 255);\n}\n#banner-1344408130 .bg.bg-loaded {\n  background-image: url(https:\/\/loventi.com\/wp-content\/uploads\/2023\/02\/bite02-copy.jpg);\n}\n#banner-1344408130 .ux-shape-divider--top svg {\n  height: 150px;\n  --divider-top-width: 100%;\n}\n#banner-1344408130 .ux-shape-divider--bottom svg {\n  height: 150px;\n  --divider-width: 100%;\n}\n@media (min-width:550px) {\n  #banner-1344408130 {\n    padding-top: 500px;\n  }\n}\n<\/style>\n  <\/div>\n\n\n\n  <div class=\"banner has-hover\" id=\"banner-138944344\">\n          <div class=\"banner-inner fill\">\n        <div class=\"banner-bg fill\" >\n            <div class=\"bg fill bg-fill\"><\/div>\n                                    \n                    <\/div>\n\t\t\n        <div class=\"banner-layers container\">\n            <div class=\"fill banner-link\"><\/div>            \n        <\/div>\n      <\/div>\n\n            \n<style>\n#banner-138944344 {\n  padding-top: 300px;\n  background-color: rgb(255, 255, 255);\n}\n#banner-138944344 .bg.bg-loaded {\n  background-image: url(https:\/\/loventi.com\/wp-content\/uploads\/2023\/02\/J0A5925-copy-1400x735.jpg);\n}\n#banner-138944344 .ux-shape-divider--top svg {\n  height: 150px;\n  --divider-top-width: 100%;\n}\n#banner-138944344 .ux-shape-divider--bottom svg {\n  height: 150px;\n  --divider-width: 100%;\n}\n@media (min-width:550px) {\n  #banner-138944344 {\n    padding-top: 500px;\n  }\n}\n<\/style>\n  <\/div>\n\n\n\n  <div class=\"banner has-hover\" id=\"banner-1956032018\">\n          <div class=\"banner-inner fill\">\n        <div class=\"banner-bg fill\" >\n            <div class=\"bg fill bg-fill\"><\/div>\n                                    \n                    <\/div>\n\t\t\n        <div class=\"banner-layers container\">\n            <div class=\"fill banner-link\"><\/div>            \n        <\/div>\n      <\/div>\n\n            \n<style>\n#banner-1956032018 {\n  padding-top: 300px;\n  background-color: rgb(255, 255, 255);\n}\n#banner-1956032018 .bg.bg-loaded {\n  background-image: url(https:\/\/loventi.com\/wp-content\/uploads\/2023\/02\/J0A9978-copy-1400x747.jpg);\n}\n#banner-1956032018 .ux-shape-divider--top svg {\n  height: 150px;\n  --divider-top-width: 100%;\n}\n#banner-1956032018 .ux-shape-divider--bottom svg {\n  height: 150px;\n  --divider-width: 100%;\n}\n@media (min-width:550px) {\n  #banner-1956032018 {\n    padding-top: 500px;\n  }\n}\n<\/style>\n  <\/div>\n\n\n     <\/div>\n\n     <div class=\"loading-spin dark large centered\"><\/div>\n\n     \t<\/div>\n\n\n\t\t<\/div>\n\t\t\t\t\t<\/div>\n\n\t\n\n\t<div id=\"col-1637726387\" class=\"col medium-10 small-12 large-5\"  >\n\t\t\t\t<div class=\"col-inner\"  >\n\t\t\t\n\t\t\t\n\t<div id=\"gap-993642254\" class=\"gap-element clearfix\" style=\"display:block; height:auto;\">\n\t\t\n<style>\n#gap-993642254 {\n  padding-top: 30px;\n}\n<\/style>\n\t<\/div>\n\t\n\t<div id=\"text-1132638502\" class=\"text\">\n\t\t\n<h2>Bizim hikayemiz<\/h2>\n\t\t\n<style>\n#text-1132638502 {\n  font-size: 1.75rem;\n}\n<\/style>\n\t<\/div>\n\t\n<div class=\"col-sm-9\">\n<p>Loventi Innovations Corp.'dan Levent Tosyal\u0131, Bel\u00e7ika Waffle konseptini 1988 y\u0131l\u0131nda T\u00fcrkiye'deki \u201cDonut &amp; Waffles\u201d \u015fubeleri arac\u0131l\u0131\u011f\u0131yla tan\u0131tt\u0131.<\/p>\n<p>Loventi, sekt\u00f6rdeki uzun y\u0131llara dayanan deneyimi ve yenilik\u00e7i tavr\u0131yla Waffle &amp; Pancake konseptleri d\u00fcnyas\u0131n\u0131n g\u00fc\u00e7l\u00fc bir oyuncusu oldu. Vizyonunu her zaman 'S\u0131n\u0131rlar\u0131n\u0131 A\u015f' mottosu ile \u015fekillendiren firma, sekt\u00f6rdeki en iyi ve kaliteli hizmeti vermek i\u00e7in \u00e7al\u0131\u015fmalar\u0131n\u0131 s\u00fcrd\u00fcrmektedir.<\/p>\n<\/div>\n<a class=\"button primary\"  style=\"border-radius:10px;padding:5px 30px 5px 30px;\">\n    <span>Devam\u0131n\u0131 oku<\/span>\n  <\/a>\n\n\t\t<\/div>\n\t\t\t\t\n<style>\n#col-1637726387 > .col-inner {\n  padding: 0px 0px 0px 0;\n}\n@media (min-width:550px) {\n  #col-1637726387 > .col-inner {\n    padding: 0px 0px 0px 30px;\n  }\n}\n<\/style>\n\t<\/div>\n\n\t\n<\/div>\n\t<div id=\"gap-958343465\" class=\"gap-element clearfix\" style=\"display:block; height:auto;\">\n\t\t\n<style>\n#gap-958343465 {\n  padding-top: 40px;\n}\n@media (min-width:550px) {\n  #gap-958343465 {\n    padding-top: 80px;\n  }\n}\n<\/style>\n\t<\/div>\n\t\n<div class=\"row row-solid\" style=\"max-width:1300px\" id=\"row-179501788\">\n\n\t<div id=\"col-368654940\" class=\"col medium-6 small-12 large-3\"  >\n\t\t\t\t<div class=\"col-inner\"  >\n\t\t\t\n\t\t\t\n\t<div id=\"text-129704121\" class=\"text\">\n\t\t\n<h2><span class=\"count-up\">30<\/span><\/h2>\n\t\t\n<style>\n#text-129704121 {\n  font-size: 2.5rem;\n  text-align: center;\n}\n<\/style>\n\t<\/div>\n\t\n\t<div id=\"text-2110499658\" class=\"text\">\n\t\t\n<p>\u00dclkeye \u0130hracaat Yap\u0131ld\u0131<br \/>\n\t\t\n<style>\n#text-2110499658 {\n  text-align: center;\n}\n<\/style>\n\t<\/div>\n\t\n\t\t<\/div>\n\t\t\t\t\t<\/div>\n\n\t\n\n\t<div id=\"col-598835859\" class=\"col medium-6 small-12 large-3\"  >\n\t\t\t\t<div class=\"col-inner\"  >\n\t\t\t\n\t\t\t\n\t<div id=\"text-2810665390\" class=\"text\">\n\t\t\n<h2><span class=\"count-up\">13<\/span><\/h2>\n\t\t\n<style>\n#text-2810665390 {\n  font-size: 2.5rem;\n  text-align: center;\n}\n<\/style>\n\t<\/div>\n\t\n\t<div id=\"text-2043862651\" class=\"text\">\n\t\t\n<p>Distrib\u00fct\u00f6rlerimiz<br \/>\n\t\t\n<style>\n#text-2043862651 {\n  text-align: center;\n}\n<\/style>\n\t<\/div>\n\t\n\t\t<\/div>\n\t\t\t\t\t<\/div>\n\n\t\n\n\t<div id=\"col-683208391\" class=\"col medium-6 small-12 large-3\"  >\n\t\t\t\t<div class=\"col-inner\"  >\n\t\t\t\n\t\t\t\n\t<div id=\"text-1132063476\" class=\"text\">\n\t\t\n<h2><span class=\"count-up\">12<\/span><\/h2>\n\t\t\n<style>\n#text-1132063476 {\n  font-size: 2.5rem;\n  text-align: center;\n}\n<\/style>\n\t<\/div>\n\t\n\t<div id=\"text-1332594805\" class=\"text\">\n\t\t\n<p>Fuara kat\u0131ld\u0131\u011f\u0131m\u0131z \u00fclkeler<br \/>\n\t\t\n<style>\n#text-1332594805 {\n  text-align: center;\n}\n<\/style>\n\t<\/div>\n\t\n\t\t<\/div>\n\t\t\t\t\t<\/div>\n\n\t\n\n\t<div id=\"col-112916366\" class=\"col medium-6 small-12 large-3\"  >\n\t\t\t\t<div class=\"col-inner\"  >\n\t\t\t\n\t\t\t\n\t<div id=\"text-4212387337\" class=\"text\">\n\t\t\n<h2><span class=\"count-up\">22<\/span><\/h2>\n\t\t\n<style>\n#text-4212387337 {\n  font-size: 2.5rem;\n  text-align: center;\n}\n<\/style>\n\t<\/div>\n\t\n\t<div id=\"text-1891191510\" class=\"text\">\n\t\t\n<p>Kat\u0131ld\u0131\u011f\u0131m\u0131z fuar say\u0131s\u0131<br \/>\n\t\t\n<style>\n#text-1891191510 {\n  text-align: center;\n}\n<\/style>\n\t<\/div>\n\t\n\t\t<\/div>\n\t\t\t\t\t<\/div>\n\n\t\n<\/div>\n\t\t<\/div>\n\n\t\t\n<style>\n#section_1138205554 {\n  padding-top: 50px;\n  padding-bottom: 50px;\n}\n#section_1138205554 .ux-shape-divider--top svg {\n  height: 150px;\n  --divider-top-width: 100%;\n}\n#section_1138205554 .ux-shape-divider--bottom svg {\n  height: 150px;\n  --divider-width: 100%;\n}\n@media (min-width:550px) {\n  #section_1138205554 {\n    padding-top: 110px;\n    padding-bottom: 110px;\n  }\n}\n<\/style>\n\t<\/section>\n\t\n\t<section class=\"section\" id=\"section_936557150\">\n\t\t<div class=\"bg section-bg fill bg-fill  bg-loaded\" >\n\n\t\t\t\n\t\t\t\n\t\t\t\n\n\t\t<\/div>\n\n\t\t\n\n\t\t<div class=\"section-content relative\">\n\t\t\t\n<div class=\"row align-center\" style=\"max-width:1300px\" id=\"row-1387969126\">\n\n\t<div id=\"col-1507357491\" class=\"col medium-8 small-12 large-6\"  >\n\t\t\t\t<div class=\"col-inner\"  >\n\t\t\t\n\t\t\t\n\t<div id=\"gap-1445789818\" class=\"gap-element clearfix\" style=\"display:block; height:auto;\">\n\t\t\n<style>\n#gap-1445789818 {\n  padding-top: 55px;\n}\n@media (min-width:550px) {\n  #gap-1445789818 {\n    padding-top: 100px;\n  }\n}\n<\/style>\n\t<\/div>\n\t\n\t<div id=\"text-4095097094\" class=\"text\">\n\t\t\n<h2>Sizin i\u00e7in ne yap\u0131yoruz?<\/h2>\n\t\t\n<style>\n#text-4095097094 {\n  font-size: 1.75rem;\n  text-align: center;\n  color: #e31e24;\n}\n#text-4095097094 > * {\n  color: #e31e24;\n}\n<\/style>\n\t<\/div>\n\t\n\t<div id=\"text-1716484513\" class=\"text\">\n\t\t\n<p>Loventi Innovation ailesi olarak sekt\u00f6r\u00fcn geli\u015fimine katk\u0131da bulunuyoruz. Waffle Makineleri, Waffle Kal\u0131plar\u0131, Yedek Par\u00e7alar\u0131 vb. geni\u015f bir \u00fcr\u00fcn yelpazesi sunmaktay\u0131z. Bir\u00e7ok \u00fclkede fuarlara kat\u0131l\u0131yoruz.<br \/>\n\t\t\n<style>\n#text-1716484513 {\n  text-align: center;\n  color: rgb(227, 30, 36);\n}\n#text-1716484513 > * {\n  color: rgb(227, 30, 36);\n}\n<\/style>\n\t<\/div>\n\t\n\t<div id=\"gap-1415209691\" class=\"gap-element clearfix\" style=\"display:block; height:auto;\">\n\t\t\n<style>\n#gap-1415209691 {\n  padding-top: 40px;\n}\n@media (min-width:550px) {\n  #gap-1415209691 {\n    padding-top: 150px;\n  }\n}\n@media (min-width:850px) {\n  #gap-1415209691 {\n    padding-top: 101px;\n  }\n}\n<\/style>\n\t<\/div>\n\t\n\t\t<\/div>\n\t\t\t\t\t<\/div>\n\n\t\n<\/div>\n<div class=\"row\" style=\"max-width:1300px\" id=\"row-144240936\">\n\n\t<div id=\"col-1948775349\" class=\"col small-12 large-12\"  >\n\t\t\t\t<div class=\"col-inner\"  >\n\t\t\t\n\t\t\t\n\n  <div class=\"banner has-hover\" id=\"banner-829461596\">\n          <div class=\"banner-inner fill\">\n        <div class=\"banner-bg fill\" >\n            <div class=\"bg fill bg-fill\"><\/div>\n                                    \n                    <\/div>\n\t\t\n        <div class=\"banner-layers container\">\n            <div class=\"fill banner-link\"><\/div>            \n        <\/div>\n      <\/div>\n\n            \n<style>\n#banner-829461596 {\n  padding-top: 55%;\n  background-color: rgb(201, 229, 222);\n}\n#banner-829461596 .ux-shape-divider--top svg {\n  height: 150px;\n  --divider-top-width: 100%;\n}\n#banner-829461596 .ux-shape-divider--bottom svg {\n  height: 150px;\n  --divider-width: 100%;\n}\n@media (min-width:550px) {\n  #banner-829461596 {\n    padding-top: 350px;\n  }\n}\n@media (min-width:850px) {\n  #banner-829461596 {\n    padding-top: 550px;\n  }\n}\n<\/style>\n  <\/div>\n\n\n\t\t<\/div>\n\t\t\t\t\t<\/div>\n\n\t\n<\/div>\n<div class=\"row align-center\" style=\"max-width:1300px\" id=\"row-1251356322\">\n\n\t<div id=\"col-2094668162\" class=\"col medium-11 small-11 large-9\"  >\n\t\t\t\t<div class=\"col-inner\"  >\n\t\t\t\n\t\t\t\n<div class=\"video video-fit mb\" style=\"padding-top:56.25%;\"><p><iframe loading=\"lazy\" title=\"Loventi Waffle Makinalar\u0131\" width=\"1020\" height=\"574\" src=\"https:\/\/www.youtube.com\/embed\/7QHF6Do_87Q?feature=oembed\" frameborder=\"0\" allow=\"accelerometer; autoplay; clipboard-write; encrypted-media; gyroscope; picture-in-picture; web-share\" allowfullscreen><\/iframe><\/p>\n<\/div>\n\t\t<\/div>\n\t\t\t\t\n<style>\n#col-2094668162 > .col-inner {\n  margin: -270px 0px 0px 0px;\n}\n@media (min-width:550px) {\n  #col-2094668162 > .col-inner {\n    margin: -550px 0px 0px 0px;\n  }\n}\n@media (min-width:850px) {\n  #col-2094668162 > .col-inner {\n    margin: -690px 0px 0px 0px;\n  }\n}\n<\/style>\n\t<\/div>\n\n\t\n<\/div>\n\t\t<\/div>\n\n\t\t\n<style>\n#section_936557150 {\n  padding-top: 0px;\n  padding-bottom: 0px;\n  background-color: rgb(118, 184, 167);\n}\n#section_936557150 .ux-shape-divider--top svg {\n  height: 150px;\n  --divider-top-width: 100%;\n}\n#section_936557150 .ux-shape-divider--bottom svg {\n  height: 150px;\n  --divider-width: 100%;\n}\n<\/style>\n\t<\/section>\n\t\n\t<section class=\"section\" id=\"section_1368894825\">\n\t\t<div class=\"bg section-bg fill bg-fill  bg-loaded\" >\n\n\t\t\t\n\t\t\t\n\t\t\t\n\n\t\t<\/div>\n\n\t\t\n\n\t\t<div class=\"section-content relative\">\n\t\t\t\n<div class=\"row align-center\" style=\"max-width:1300px\" id=\"row-637612075\">\n\n\t<div id=\"col-1974722579\" class=\"col medium-7 small-12 large-5\"  >\n\t\t\t\t<div class=\"col-inner text-center\"  >\n\t\t\t\n\t\t\t\n\t<div id=\"text-881908382\" class=\"text\">\n\t\t\n<h2>Ekibimizle Tan\u0131\u015f\u0131n<\/h2>\n\t\t\n<style>\n#text-881908382 {\n  font-size: 1.75rem;\n  text-align: center;\n}\n<\/style>\n\t<\/div>\n\t\n\t<div id=\"text-4153753338\" class=\"text\">\n\t\t\n<p>Sizinle tan\u0131\u015fmak i\u00e7in can at\u0131yoruz.<br \/>\n\t\t\n<style>\n#text-4153753338 {\n  text-align: center;\n}\n<\/style>\n\t<\/div>\n\t\n\t<div id=\"gap-1785306502\" class=\"gap-element clearfix\" style=\"display:block; height:auto;\">\n\t\t\n<style>\n#gap-1785306502 {\n  padding-top: 30px;\n}\n<\/style>\n\t<\/div>\n\t\n\t\t<\/div>\n\t\t\t\t\t<\/div>\n\n\t\n<\/div>\n<div class=\"row align-bottom align-center\" style=\"max-width:1550px\" id=\"row-1334736395\">\n\n\t<div id=\"col-1893394411\" class=\"col medium-6 small-12 large-2\"  >\n\t\t\t\t<div class=\"col-inner\"  >\n\t\t\t\n\t\t\t\n    <div class=\"box has-hover has-hover box-text-bottom\" >\n\n         <a href=\"#\"  >         <div class=\"box-image image-color\" >\n           <div class=\"box-image-inner image-cover\" style=\"padding-top:100%;\">\n              <img loading=\"lazy\" decoding=\"async\" width=\"500\" height=\"600\" src=\"https:\/\/loventi.com\/wp-content\/uploads\/2016\/08\/dummy-prod-1.jpg\" class=\"attachment- size-\" alt=\"\" srcset=\"https:\/\/loventi.com\/wp-content\/uploads\/2016\/08\/dummy-prod-1.jpg 500w, https:\/\/loventi.com\/wp-content\/uploads\/2016\/08\/dummy-prod-1-250x300.jpg 250w\" sizes=\"auto, (max-width: 500px) 100vw, 500px\" \/>                         <\/div>\n          <\/div>\n         <\/a>\n          <div class=\"box-text text-center\" >\n                <div class=\"box-text-inner\">\n                  <h4 class=\"uppercase\">\n                    <span class=\"person-name\">Levent Tosyal\u0131<\/span><br\/>\n                    <span class=\"person-title is-small thin-font op-7\">\n                      Ceo ve Kurucu                    <\/span>\n                  <\/h4>\n                                  \n\t<div id=\"gap-1046892039\" class=\"gap-element clearfix\" style=\"display:block; height:auto;\">\n\t\t\n<style>\n#gap-1046892039 {\n  padding-top: 0px;\n}\n<\/style>\n\t<\/div>\n\t\n                <\/div>\n          <\/div>\n    <\/div>\n\n\t\n    \n\t\t<\/div>\n\t\t\t\t\t<\/div>\n\n\t\n\n\t<div id=\"col-420194556\" class=\"col medium-6 small-12 large-2\"  >\n\t\t\t\t<div class=\"col-inner\"  >\n\t\t\t\n\t\t\t\n    <div class=\"box has-hover has-hover box-text-bottom\" >\n\n         <a href=\"#\"  >         <div class=\"box-image image-color\" >\n           <div class=\"box-image-inner image-cover\" style=\"padding-top:100%;\">\n              <img loading=\"lazy\" decoding=\"async\" width=\"500\" height=\"600\" src=\"https:\/\/loventi.com\/wp-content\/uploads\/2016\/08\/dummy-prod-1.jpg\" class=\"attachment- size-\" alt=\"\" srcset=\"https:\/\/loventi.com\/wp-content\/uploads\/2016\/08\/dummy-prod-1.jpg 500w, https:\/\/loventi.com\/wp-content\/uploads\/2016\/08\/dummy-prod-1-250x300.jpg 250w\" sizes=\"auto, (max-width: 500px) 100vw, 500px\" \/>                         <\/div>\n          <\/div>\n         <\/a>\n          <div class=\"box-text text-center\" >\n                <div class=\"box-text-inner\">\n                  <h4 class=\"uppercase\">\n                    <span class=\"person-name\">Mehmet Altun<\/span><br\/>\n                    <span class=\"person-title is-small thin-font op-7\">\n                      Fabrika M\u00fcd\u00fcr\u00fc                    <\/span>\n                  <\/h4>\n                                  \n\t<div id=\"gap-1862846709\" class=\"gap-element clearfix\" style=\"display:block; height:auto;\">\n\t\t\n<style>\n#gap-1862846709 {\n  padding-top: 0px;\n}\n<\/style>\n\t<\/div>\n\t\n                <\/div>\n          <\/div>\n    <\/div>\n\n\t\n    \n\t\t<\/div>\n\t\t\t\t\t<\/div>\n\n\t\n\n\t<div id=\"col-222280225\" class=\"col medium-6 small-12 large-2\"  >\n\t\t\t\t<div class=\"col-inner\"  >\n\t\t\t\n\t\t\t\n    <div class=\"box has-hover has-hover box-text-bottom\" >\n\n         <a href=\"#\"  >         <div class=\"box-image image-color\" >\n           <div class=\"box-image-inner image-cover\" style=\"padding-top:100%;\">\n              <img loading=\"lazy\" decoding=\"async\" width=\"500\" height=\"600\" src=\"https:\/\/loventi.com\/wp-content\/uploads\/2016\/08\/dummy-prod-1.jpg\" class=\"attachment- size-\" alt=\"\" srcset=\"https:\/\/loventi.com\/wp-content\/uploads\/2016\/08\/dummy-prod-1.jpg 500w, https:\/\/loventi.com\/wp-content\/uploads\/2016\/08\/dummy-prod-1-250x300.jpg 250w\" sizes=\"auto, (max-width: 500px) 100vw, 500px\" \/>                         <\/div>\n          <\/div>\n         <\/a>\n          <div class=\"box-text text-center\" >\n                <div class=\"box-text-inner\">\n                  <h4 class=\"uppercase\">\n                    <span class=\"person-name\">Erol Akta\u015f<\/span><br\/>\n                    <span class=\"person-title is-small thin-font op-7\">\n                      Elektrik M\u00fchendisi                    <\/span>\n                  <\/h4>\n                                  \n\t<div id=\"gap-1489292202\" class=\"gap-element clearfix\" style=\"display:block; height:auto;\">\n\t\t\n<style>\n#gap-1489292202 {\n  padding-top: 0px;\n}\n<\/style>\n\t<\/div>\n\t\n                <\/div>\n          <\/div>\n    <\/div>\n\n\t\n    \n\t\t<\/div>\n\t\t\t\t\t<\/div>\n\n\t\n\n\t<div id=\"col-359058799\" class=\"col medium-6 small-12 large-2\"  >\n\t\t\t\t<div class=\"col-inner\"  >\n\t\t\t\n\t\t\t\n    <div class=\"box has-hover has-hover box-text-bottom\" >\n\n         <a href=\"#\"  >         <div class=\"box-image image-color\" >\n           <div class=\"box-image-inner image-cover\" style=\"padding-top:100%;\">\n              <img loading=\"lazy\" decoding=\"async\" width=\"500\" height=\"600\" src=\"https:\/\/loventi.com\/wp-content\/uploads\/2016\/08\/dummy-prod-1.jpg\" class=\"attachment- size-\" alt=\"\" srcset=\"https:\/\/loventi.com\/wp-content\/uploads\/2016\/08\/dummy-prod-1.jpg 500w, https:\/\/loventi.com\/wp-content\/uploads\/2016\/08\/dummy-prod-1-250x300.jpg 250w\" sizes=\"auto, (max-width: 500px) 100vw, 500px\" \/>                         <\/div>\n          <\/div>\n         <\/a>\n          <div class=\"box-text text-center\" >\n                <div class=\"box-text-inner\">\n                  <h4 class=\"uppercase\">\n                    <span class=\"person-name\">Muhammet Akko\u00e7<\/span><br\/>\n                    <span class=\"person-title is-small thin-font op-7\">\n                      Montaj M\u00fcd\u00fcr\u00fc                    <\/span>\n                  <\/h4>\n                                  \n\t<div id=\"gap-1222059820\" class=\"gap-element clearfix\" style=\"display:block; height:auto;\">\n\t\t\n<style>\n#gap-1222059820 {\n  padding-top: 0px;\n}\n<\/style>\n\t<\/div>\n\t\n                <\/div>\n          <\/div>\n    <\/div>\n\n\t\n    \n\t\t<\/div>\n\t\t\t\t\t<\/div>\n\n\t\n<\/div>\n\t\t<\/div>\n\n\t\t\n<style>\n#section_1368894825 {\n  padding-top: 60px;\n  padding-bottom: 60px;\n}\n#section_1368894825 .ux-shape-divider--top svg {\n  height: 150px;\n  --divider-top-width: 100%;\n}\n#section_1368894825 .ux-shape-divider--bottom svg {\n  height: 150px;\n  --divider-width: 100%;\n}\n@media (min-width:550px) {\n  #section_1368894825 {\n    padding-top: 100px;\n    padding-bottom: 100px;\n  }\n}\n<\/style>\n\t<\/section>\n\t\n<div class=\"container section-title-container\" ><h3 class=\"section-title section-title-center\"><b><\/b><span class=\"section-title-main\" style=\"color:rgb(255, 5, 5);\">\u00c7al\u0131\u015ft\u0131\u011f\u0131m\u0131z \u00dclkeler<\/span><b><\/b><\/h3><\/div>\n<div class=\"row\"  id=\"row-781894371\">\n\n\t<div id=\"col-1675085668\" class=\"col small-12 large-12\"  >\n\t\t\t\t<div class=\"col-inner\"  >\n\t\t\t\n\t\t\t\n\n<div class=\"map_wrapper\" id=\"map_wrapper_910\">\n<div class=\"map_box\" style=\"max-width:2000px\">\n<div class=\"map_aspect_ratio\" style=\"padding-top:56%\" data-padding-top=\"56%\" data-padding-top-mobile=\"0%\">\n<div class=\"map_container\">\n<div class=\"map_render map_loading\" id=\"map_910\"><\/div>\n<\/div>\n<\/div>\n<\/div>\n<\/div>\n\n\t\t<\/div>\n\t\t\t\t\t<\/div>\n\n\t\n<\/div>","protected":false},"excerpt":{"rendered":"","protected":false},"author":1,"featured_media":17,"parent":0,"menu_order":0,"comment_status":"closed","ping_status":"closed","template":"page-transparent-header-light.php","meta":{"footnotes":""},"class_list":["post-91","page","type-page","status-publish","has-post-thumbnail","hentry"],"_links":{"self":[{"href":"https:\/\/loventi.com\/tr\/wp-json\/wp\/v2\/pages\/91","targetHints":{"allow":["GET"]}}],"collection":[{"href":"https:\/\/loventi.com\/tr\/wp-json\/wp\/v2\/pages"}],"about":[{"href":"https:\/\/loventi.com\/tr\/wp-json\/wp\/v2\/types\/page"}],"author":[{"embeddable":true,"href":"https:\/\/loventi.com\/tr\/wp-json\/wp\/v2\/users\/1"}],"replies":[{"embeddable":true,"href":"https:\/\/loventi.com\/tr\/wp-json\/wp\/v2\/comments?post=91"}],"version-history":[{"count":41,"href":"https:\/\/loventi.com\/tr\/wp-json\/wp\/v2\/pages\/91\/revisions"}],"predecessor-version":[{"id":994,"href":"https:\/\/loventi.com\/tr\/wp-json\/wp\/v2\/pages\/91\/revisions\/994"}],"wp:featuredmedia":[{"embeddable":true,"href":"https:\/\/loventi.com\/tr\/wp-json\/wp\/v2\/media\/17"}],"wp:attachment":[{"href":"https:\/\/loventi.com\/tr\/wp-json\/wp\/v2\/media?parent=91"}],"curies":[{"name":"wp","href":"https:\/\/api.w.org\/{rel}","templated":true}]}}