{"id":391,"date":"2023-02-23T20:23:26","date_gmt":"2023-02-23T20:23:26","guid":{"rendered":"https:\/\/loventi.com\/?post_type=product&#038;p=391"},"modified":"2025-09-18T20:09:05","modified_gmt":"2025-09-18T20:09:05","slug":"a-american-type-bakerinterchangeable-waffle-plates-7-plates","status":"publish","type":"product","link":"https:\/\/loventi.com\/tr\/product\/a-american-type-bakerinterchangeable-waffle-plates-7-plates\/","title":{"rendered":"A &#8211; AMERICAN TYPE BAKER<br>Interchangeable Waffle Plates<br>(7 Plates)"},"content":{"rendered":"<div class=\"vc_column-inner\">\n<div class=\"wpb_wrapper\">\n<div class=\"wpb_text_column wpb_content_element wpb_animate_when_almost_visible wpb_fadeIn fadeIn\">\n<div class=\"wpb_wrapper\">\n<section id=\"hakkimizda\" class=\"hakkimizda\">\n<div class=\"row\">\n<div class=\"col-sm-7\">\n<ul>\n<li>Our A Type Bakers are 220 V but can be adapted to the different voltage system of each country.<\/li>\n<li>Our Bakers are delivered with a round standard waffle plate. There are 7 interchangeable waffle plates, which can be easily attached to the Baker.<\/li>\n<li>Our Bakers can be ordered with aluminum plates or cast iron plates.<\/li>\n<li>\u00d6zel logo tasar\u0131m\u0131 imkan\u0131.<\/li>\n<li>Our Bakers are supplied with a silicone fork, a drip tray for the dough, a silicone brush to clean the waffle plates.<\/li>\n<li>Our Bakers are pantented with a &#8220;Waffle Control&#8221; application that can be downloaded or true Icloud.<\/li>\n<li>Makinelerimiz 1 y\u0131l garantilidir.<\/li>\n<\/ul>\n<\/div>\n<\/div>\n<\/section>\n<\/div>\n<\/div>\n<\/div>\n<\/div>\n<p><!--more--><\/p>\n<p><!--more--><\/p>","protected":false},"excerpt":{"rendered":"<table style=\"height: 214px;\" width=\"465\">\n<tbody>\n<tr>\n<td colspan=\"2\" width=\"367\"><strong>\u00d6ZELL\u0130KLER<\/strong><\/td>\n<\/tr>\n<tr>\n<td width=\"127\"><strong>Birim A\u011f\u0131rl\u0131k Net:<\/strong><\/td>\n<td width=\"240\">12 Kg<\/td>\n<\/tr>\n<tr>\n<td width=\"127\"><strong>Birim A\u011f\u0131rl\u0131k Br\u00fct:<\/strong><\/td>\n<td width=\"240\">12.5 Kg<\/td>\n<\/tr>\n<tr>\n<td width=\"127\"><strong>G\u00f6vde Malzemesi:<\/strong><\/td>\n<td width=\"240\">Enjekte Al\u00fcminyum<\/td>\n<\/tr>\n<tr>\n<td width=\"127\"><strong>Kal\u0131plar:<\/strong><\/td>\n<td width=\"240\">Se\u00e7enekler: Al\u00fcminyum, D\u00f6kme Demir veya Logolu D\u00f6kme Demir<\/td>\n<\/tr>\n<tr>\n<td width=\"127\"><strong>Ambalaj Kutusu:<\/strong><\/td>\n<td width=\"240\">Karton Kutu<\/td>\n<\/tr>\n<\/tbody>\n<\/table>","protected":false},"featured_media":996,"comment_status":"open","ping_status":"closed","template":"","meta":[],"product_cat":[78,70,79],"product_tag":[74,73,72,71,75],"class_list":["post-391","product","type-product","status-publish","has-post-thumbnail","hentry","product_cat-products","product_cat-waffle-bakers","product_cat-bwb-a-type","product_tag-americano-waffle","product_tag-belgium-waffle","product_tag-loventi-waffle","product_tag-waffle-machine","product_tag-waffle-plates","tm-no-options"],"_links":{"self":[{"href":"https:\/\/loventi.com\/tr\/wp-json\/wp\/v2\/product\/391","targetHints":{"allow":["GET"]}}],"collection":[{"href":"https:\/\/loventi.com\/tr\/wp-json\/wp\/v2\/product"}],"about":[{"href":"https:\/\/loventi.com\/tr\/wp-json\/wp\/v2\/types\/product"}],"replies":[{"embeddable":true,"href":"https:\/\/loventi.com\/tr\/wp-json\/wp\/v2\/comments?post=391"}],"wp:featuredmedia":[{"embeddable":true,"href":"https:\/\/loventi.com\/tr\/wp-json\/wp\/v2\/media\/996"}],"wp:attachment":[{"href":"https:\/\/loventi.com\/tr\/wp-json\/wp\/v2\/media?parent=391"}],"wp:term":[{"taxonomy":"product_cat","embeddable":true,"href":"https:\/\/loventi.com\/tr\/wp-json\/wp\/v2\/product_cat?post=391"},{"taxonomy":"product_tag","embeddable":true,"href":"https:\/\/loventi.com\/tr\/wp-json\/wp\/v2\/product_tag?post=391"}],"curies":[{"name":"wp","href":"https:\/\/api.w.org\/{rel}","templated":true}]}}