{"id":497,"date":"2023-03-01T11:42:33","date_gmt":"2023-03-01T11:42:33","guid":{"rendered":"https:\/\/loventi.com\/?post_type=product&#038;p=497"},"modified":"2025-09-18T20:12:17","modified_gmt":"2025-09-18T20:12:17","slug":"b-belgium-type-bakerfor-brussels-sugar-waffles","status":"publish","type":"product","link":"https:\/\/loventi.com\/tr\/product\/b-belgium-type-bakerfor-brussels-sugar-waffles\/","title":{"rendered":"B &#8211; BELGIUM TYPE BAKER<br>For Brussels &#038; Sugar Waffles"},"content":{"rendered":"<div class=\"vc_column-inner\">\n<div class=\"wpb_wrapper\">\n<div class=\"wpb_text_column wpb_content_element wpb_animate_when_almost_visible wpb_fadeIn fadeIn\">\n<div class=\"wpb_wrapper\">\n<section id=\"hakkimizda\" class=\"hakkimizda\">\n<div class=\"row\">\n<div class=\"col-sm-7\">\n<ul>\n<li>Our A Type Waffle Bakers are 220 V but can be adapted to the different voltage system of each country.<\/li>\n<li>The waffle plates are precisely cut with CNC and made from cast iron.<\/li>\n<li>Unique patented rotation: easy to handle with a very light turning manouvre.<\/li>\n<li>The Baker comes with a variety of plates also custom made according to the customers design.<\/li>\n<li>The handles are framed inside the plates with a specially patented system (CNC cut inside the plate) and not attached by screws. This allows the handles to not come loose after usage.<\/li>\n<li>A silicone ring around the gasket of the plates to secure isolation instead of a liquid silicone mastic.<\/li>\n<li>Easily to clean and practical silicone power cable.<\/li>\n<li>Our Bakers are supplied with a silicone fork, a drip tray for the dough, a silicone brush to clean the waffle plates.<\/li>\n<li>Makinelerimiz 1 y\u0131l garantilidir.<\/li>\n<\/ul>\n<\/div>\n<\/div>\n<\/section>\n<\/div>\n<\/div>\n<\/div>\n<\/div>","protected":false},"excerpt":{"rendered":"<table width=\"440\">\n<tbody>\n<tr>\n<td colspan=\"2\" width=\"440\"><strong>\u00d6ZELL\u0130KLER<\/strong><\/td>\n<\/tr>\n<tr>\n<td><strong>Birim A\u011f\u0131rl\u0131k Net:<\/strong><\/td>\n<td>42 Kg<\/td>\n<\/tr>\n<tr>\n<td><strong>Birim A\u011f\u0131rl\u0131k Br\u00fct:<\/strong><\/td>\n<td>52 Kg<\/td>\n<\/tr>\n<tr>\n<td><strong>G\u00f6vde Malzemesi:<\/strong><\/td>\n<td>Paslanmaz \u00c7elik<\/td>\n<\/tr>\n<tr>\n<td><strong>Kal\u0131plar:<\/strong><\/td>\n<td>D\u00f6kme Demir<\/td>\n<\/tr>\n<tr>\n<td><strong>Ambalaj Kutusu:<\/strong><\/td>\n<td>Tahta Kutu<\/td>\n<\/tr>\n<\/tbody>\n<\/table>","protected":false},"featured_media":421,"comment_status":"open","ping_status":"closed","template":"","meta":[],"product_cat":[78,70,80],"product_tag":[74,73,72,71,75],"class_list":["post-497","product","type-product","status-publish","has-post-thumbnail","hentry","product_cat-products","product_cat-waffle-bakers","product_cat-bwb-a-type-waffle-plates","product_tag-americano-waffle","product_tag-belgium-waffle","product_tag-loventi-waffle","product_tag-waffle-machine","product_tag-waffle-plates","tm-no-options"],"_links":{"self":[{"href":"https:\/\/loventi.com\/tr\/wp-json\/wp\/v2\/product\/497","targetHints":{"allow":["GET"]}}],"collection":[{"href":"https:\/\/loventi.com\/tr\/wp-json\/wp\/v2\/product"}],"about":[{"href":"https:\/\/loventi.com\/tr\/wp-json\/wp\/v2\/types\/product"}],"replies":[{"embeddable":true,"href":"https:\/\/loventi.com\/tr\/wp-json\/wp\/v2\/comments?post=497"}],"wp:featuredmedia":[{"embeddable":true,"href":"https:\/\/loventi.com\/tr\/wp-json\/wp\/v2\/media\/421"}],"wp:attachment":[{"href":"https:\/\/loventi.com\/tr\/wp-json\/wp\/v2\/media?parent=497"}],"wp:term":[{"taxonomy":"product_cat","embeddable":true,"href":"https:\/\/loventi.com\/tr\/wp-json\/wp\/v2\/product_cat?post=497"},{"taxonomy":"product_tag","embeddable":true,"href":"https:\/\/loventi.com\/tr\/wp-json\/wp\/v2\/product_tag?post=497"}],"curies":[{"name":"wp","href":"https:\/\/api.w.org\/{rel}","templated":true}]}}