{"id":508,"date":"2023-03-01T12:02:23","date_gmt":"2023-03-01T12:02:23","guid":{"rendered":"https:\/\/loventi.com\/?post_type=product&#038;p=508"},"modified":"2023-03-22T13:00:26","modified_gmt":"2023-03-22T13:00:26","slug":"portion-bites-plate","status":"publish","type":"product","link":"https:\/\/loventi.com\/tr\/product\/portion-bites-plate\/","title":{"rendered":"Porsiyon Lokma Kal\u0131b\u0131"},"content":{"rendered":"<div class=\"vc_column-inner\">\n<div class=\"wpb_wrapper\">\n<div class=\"wpb_text_column wpb_content_element wpb_animate_when_almost_visible wpb_fadeIn fadeIn\">\n<div class=\"wpb_wrapper\">\n<section id=\"hakkimizda\" class=\"hakkimizda\">\n<div class=\"row\">\n<div class=\"col-sm-7\">\n<ul>\n<li>Pi\u015firme s\u00fcresi 3:30 dakika, pi\u015firme s\u0131cakl\u0131\u011f\u0131 210 Santigrat Derecedir. Bu plakalara bir logo kaz\u0131nabilir.<\/li>\n<li>\u00d6zel Loventi Porsiyon Lokma Kesme Tahtam\u0131z ve Kesme B\u0131\u00e7a\u011f\u0131m\u0131z ile birlikte kullan\u0131lmak \u00fczere.<\/li>\n<\/ul>\n<\/div>\n<\/div>\n<\/section>\n<\/div>\n<\/div>\n<\/div>\n<\/div>","protected":false},"excerpt":{"rendered":"<p>&nbsp;<\/p>\n<table width=\"440\">\n<tbody>\n<tr>\n<td colspan=\"2\" width=\"440\"><strong>\u00d6ZELL\u0130KLER<\/strong><\/td>\n<\/tr>\n<tr>\n<td><strong>Birim A\u011f\u0131rl\u0131k Net:<\/strong><\/td>\n<td>1.7 Kg<\/td>\n<\/tr>\n<tr>\n<td><strong>Material:<\/strong><\/td>\n<td>Al\u00fcminyum<\/td>\n<\/tr>\n<tr>\n<td><strong>Ambalaj Kutusu:<\/strong><\/td>\n<td>Karton Kutu<\/td>\n<\/tr>\n<tr>\n<td><strong>Paketleme \u00d6l\u00e7\u00fcleri:<\/strong><\/td>\n<td>26x23x40 cm<\/td>\n<\/tr>\n<\/tbody>\n<\/table>\n<p>&nbsp;<\/p>","protected":false},"featured_media":509,"comment_status":"open","ping_status":"closed","template":"","meta":[],"product_cat":[78,79,69],"product_tag":[74,73,72,71,75],"class_list":["post-508","product","type-product","status-publish","has-post-thumbnail","hentry","product_cat-products","product_cat-bwb-a-type","product_cat-waffle-plates","product_tag-americano-waffle","product_tag-belgium-waffle","product_tag-loventi-waffle","product_tag-waffle-machine","product_tag-waffle-plates","tm-no-options"],"_links":{"self":[{"href":"https:\/\/loventi.com\/tr\/wp-json\/wp\/v2\/product\/508","targetHints":{"allow":["GET"]}}],"collection":[{"href":"https:\/\/loventi.com\/tr\/wp-json\/wp\/v2\/product"}],"about":[{"href":"https:\/\/loventi.com\/tr\/wp-json\/wp\/v2\/types\/product"}],"replies":[{"embeddable":true,"href":"https:\/\/loventi.com\/tr\/wp-json\/wp\/v2\/comments?post=508"}],"wp:featuredmedia":[{"embeddable":true,"href":"https:\/\/loventi.com\/tr\/wp-json\/wp\/v2\/media\/509"}],"wp:attachment":[{"href":"https:\/\/loventi.com\/tr\/wp-json\/wp\/v2\/media?parent=508"}],"wp:term":[{"taxonomy":"product_cat","embeddable":true,"href":"https:\/\/loventi.com\/tr\/wp-json\/wp\/v2\/product_cat?post=508"},{"taxonomy":"product_tag","embeddable":true,"href":"https:\/\/loventi.com\/tr\/wp-json\/wp\/v2\/product_tag?post=508"}],"curies":[{"name":"wp","href":"https:\/\/api.w.org\/{rel}","templated":true}]}}