{"id":515,"date":"2023-03-01T12:11:56","date_gmt":"2023-03-01T12:11:56","guid":{"rendered":"https:\/\/loventi.com\/?post_type=product&#038;p=515"},"modified":"2026-04-07T03:41:24","modified_gmt":"2026-04-07T03:41:24","slug":"dough-dispenser","status":"publish","type":"product","link":"https:\/\/loventi.com\/tr\/product\/dough-dispenser\/","title":{"rendered":"Hamur Da\u011f\u0131t\u0131c\u0131"},"content":{"rendered":"<ul>\n<li>Her t\u00fcrl\u00fc hamurun saklanmas\u0131 ve hijyenik kullan\u0131m\u0131 i\u00e7in m\u00fckemmel bir ara\u00e7t\u0131r.<\/li>\n<li>Damlamay\u0131 \u00f6nlemek i\u00e7in silikon musluk<\/li>\n<li>Tam olarak 1 porsiyon g\u00f6zleme i\u00e7in Bardak \u00f6l\u00e7\u00fcn.<\/li>\n<\/ul>","protected":false},"excerpt":{"rendered":"<p>&nbsp;<\/p>\n<table width=\"440\">\n<tbody>\n<tr>\n<td colspan=\"2\" width=\"440\"><strong>\u00d6ZELL\u0130KLER<\/strong><\/td>\n<\/tr>\n<tr>\n<td><strong>Birim A\u011f\u0131rl\u0131k Net:<\/strong><\/td>\n<td>3.1 Kg<\/td>\n<\/tr>\n<tr>\n<td><strong>Material:<\/strong><\/td>\n<td>Paslanmaz \u00c7elik<\/td>\n<\/tr>\n<tr>\n<td><strong>Ambalaj Kutusu:<\/strong><\/td>\n<td>Karton Kutu<\/td>\n<\/tr>\n<tr>\n<td><strong>Paketleme \u00d6l\u00e7\u00fcleri:<\/strong><\/td>\n<td>14x24x40 cm<\/td>\n<\/tr>\n<\/tbody>\n<\/table>\n<p>&nbsp;<\/p>","protected":false},"featured_media":516,"comment_status":"open","ping_status":"closed","template":"","meta":[],"product_cat":[78,76],"product_tag":[74,73,72,71,75],"class_list":["post-515","product","type-product","status-publish","has-post-thumbnail","hentry","product_cat-products","product_cat-dough-dispenser","product_tag-americano-waffle","product_tag-belgium-waffle","product_tag-loventi-waffle","product_tag-waffle-machine","product_tag-waffle-plates","tm-no-options"],"_links":{"self":[{"href":"https:\/\/loventi.com\/tr\/wp-json\/wp\/v2\/product\/515","targetHints":{"allow":["GET"]}}],"collection":[{"href":"https:\/\/loventi.com\/tr\/wp-json\/wp\/v2\/product"}],"about":[{"href":"https:\/\/loventi.com\/tr\/wp-json\/wp\/v2\/types\/product"}],"replies":[{"embeddable":true,"href":"https:\/\/loventi.com\/tr\/wp-json\/wp\/v2\/comments?post=515"}],"wp:featuredmedia":[{"embeddable":true,"href":"https:\/\/loventi.com\/tr\/wp-json\/wp\/v2\/media\/516"}],"wp:attachment":[{"href":"https:\/\/loventi.com\/tr\/wp-json\/wp\/v2\/media?parent=515"}],"wp:term":[{"taxonomy":"product_cat","embeddable":true,"href":"https:\/\/loventi.com\/tr\/wp-json\/wp\/v2\/product_cat?post=515"},{"taxonomy":"product_tag","embeddable":true,"href":"https:\/\/loventi.com\/tr\/wp-json\/wp\/v2\/product_tag?post=515"}],"curies":[{"name":"wp","href":"https:\/\/api.w.org\/{rel}","templated":true}]}}