{"id":517,"date":"2023-03-01T12:23:28","date_gmt":"2023-03-01T12:23:28","guid":{"rendered":"https:\/\/loventi.com\/?post_type=product&#038;p=517"},"modified":"2026-04-07T06:28:43","modified_gmt":"2026-04-07T06:28:43","slug":"bwb-a-type-waffle-control-application","status":"publish","type":"product","link":"https:\/\/loventi.com\/tr\/product\/bwb-a-type-waffle-control-application\/","title":{"rendered":"BWB A Tipi \u201cWaffle Kontrol\u201d Uygulamas\u0131"},"content":{"rendered":"<section id=\"hakkimizda\" class=\"hakkimizda\">\n<div class=\"row\">\n<div class=\"col-sm-7\">\n<ul>\n<li>BWB A Tipi Makine, bir iPhone veya Android cep telefonuna indirilebilen benzersiz bir BWB \"Waffle Control\" uygulamas\u0131yla birlikte gelir.<\/li>\n<li>Uygulamay\u0131 \"Google Play\" veya \"Appstore\" arac\u0131l\u0131\u011f\u0131yla indirebilirsiniz.<\/li>\n<\/ul>\n<\/div>\n<\/div>\n<\/section>\n<section id=\"hakkimizda\" class=\"urun-listesi\">\n<div class=\"row\">\n<div class=\"col-sm-12\"><\/div>\n<\/div>\n<\/section>","protected":false},"excerpt":{"rendered":"<section id=\"hakkimizda\" class=\"hakkimizda\">\n<div class=\"row\">\n<div class=\"col-sm-7\">\n<ul>\n<li>BWB A Tipi Makine, bir iPhone veya Android cep telefonuna indirilebilen benzersiz bir BWB \"Waffle Control\" uygulamas\u0131yla birlikte gelir.<\/li>\n<li>Bu uygulama ile waffle pi\u015firme s\u00fcrecinin her a\u015famas\u0131n\u0131 takip edebilir, m\u00fc\u015fterilerinize k\u0131sa s\u00fcrede uzaktan yard\u0131mc\u0131 olabilirsiniz.<\/li>\n<li>\"Waffle Control\" Uygulamas\u0131 ve BWB Makine, Makineye yerle\u015fik \u00f6zel cihaz sistemi arac\u0131l\u0131\u011f\u0131yla birbirine ba\u011fland\u0131\u011f\u0131ndan ger\u00e7ek bir wi-fi gerekmez.<\/li>\n<li>Sayma \u0130\u015flevi \u2013 Pi\u015fmi\u015f Waffle Birimlerinin tam miktar\u0131n\u0131 g\u00f6sterir.<\/li>\n<li>Is\u0131 Sens\u00f6r\u00fc \u0130\u015flevi \u2013 Makine minimum-maks s\u0131cakl\u0131\u011f\u0131<\/li>\n<li>Alarm Fonksiyonu<\/li>\n<li>Uygulamay\u0131 \"Google Play\" veya \"Appstore\" arac\u0131l\u0131\u011f\u0131yla indirebilirsiniz.<\/li>\n<\/ul>\n<\/div>\n<\/div>\n<\/section>\n<section id=\"hakkimizda\" class=\"urun-listesi\"><\/section>","protected":false},"featured_media":518,"comment_status":"open","ping_status":"closed","template":"","meta":[],"product_cat":[78,77],"product_tag":[74,73,72,71,75],"class_list":["post-517","product","type-product","status-publish","has-post-thumbnail","hentry","product_cat-products","product_cat-waffle-applications","product_tag-americano-waffle","product_tag-belgium-waffle","product_tag-loventi-waffle","product_tag-waffle-machine","product_tag-waffle-plates","tm-no-options"],"_links":{"self":[{"href":"https:\/\/loventi.com\/tr\/wp-json\/wp\/v2\/product\/517","targetHints":{"allow":["GET"]}}],"collection":[{"href":"https:\/\/loventi.com\/tr\/wp-json\/wp\/v2\/product"}],"about":[{"href":"https:\/\/loventi.com\/tr\/wp-json\/wp\/v2\/types\/product"}],"replies":[{"embeddable":true,"href":"https:\/\/loventi.com\/tr\/wp-json\/wp\/v2\/comments?post=517"}],"wp:featuredmedia":[{"embeddable":true,"href":"https:\/\/loventi.com\/tr\/wp-json\/wp\/v2\/media\/518"}],"wp:attachment":[{"href":"https:\/\/loventi.com\/tr\/wp-json\/wp\/v2\/media?parent=517"}],"wp:term":[{"taxonomy":"product_cat","embeddable":true,"href":"https:\/\/loventi.com\/tr\/wp-json\/wp\/v2\/product_cat?post=517"},{"taxonomy":"product_tag","embeddable":true,"href":"https:\/\/loventi.com\/tr\/wp-json\/wp\/v2\/product_tag?post=517"}],"curies":[{"name":"wp","href":"https:\/\/api.w.org\/{rel}","templated":true}]}}