{"id":719,"date":"2023-03-22T13:21:25","date_gmt":"2023-03-22T13:21:25","guid":{"rendered":"https:\/\/loventi.com\/?post_type=product&#038;p=719"},"modified":"2026-04-08T03:08:13","modified_gmt":"2026-04-08T03:08:13","slug":"portion-bites-cutting-board","status":"publish","type":"product","link":"https:\/\/loventi.com\/tr\/product\/portion-bites-cutting-board\/","title":{"rendered":"Porsiyon Lokma Kesme Tahtas\u0131"},"content":{"rendered":"<ul>\n<li>Porsiyon \u0131s\u0131r\u0131klar\u0131 kesme tahtam\u0131z, portion bites waffle kal\u0131plar\u0131yla birlikte kullanmak i\u00e7in m\u00fckemmel bir ara\u00e7t\u0131r.<\/li>\n<li>Is\u0131ya dayan\u0131kl\u0131<\/li>\n<li>\u00d6zel kesme b\u0131\u00e7a\u011f\u0131m\u0131zla kullanabilirsiniz.<\/li>\n<\/ul>","protected":false},"excerpt":{"rendered":"<p><strong>PORS\u0130YON ATI\u015eTIRMALIK KESME TAHTASI<\/strong><\/p>\n<ul>\n<li>Porsiyon \u0131s\u0131r\u0131klar\u0131 kesme tahtam\u0131z, portion bites waffle kal\u0131plar\u0131yla birlikte kullanmak i\u00e7in m\u00fckemmel bir ara\u00e7t\u0131r.<\/li>\n<li>Is\u0131ya dayan\u0131kl\u0131<\/li>\n<li>\u00d6zel kesme b\u0131\u00e7a\u011f\u0131m\u0131zla kullanabilirsiniz.<\/li>\n<\/ul>","protected":false},"featured_media":721,"comment_status":"open","ping_status":"closed","template":"","meta":[],"product_cat":[78,82],"product_tag":[74,73,72,71,75],"class_list":["post-719","product","type-product","status-publish","has-post-thumbnail","hentry","product_cat-products","product_cat-waffle-tools","product_tag-americano-waffle","product_tag-belgium-waffle","product_tag-loventi-waffle","product_tag-waffle-machine","product_tag-waffle-plates","tm-no-options"],"_links":{"self":[{"href":"https:\/\/loventi.com\/tr\/wp-json\/wp\/v2\/product\/719","targetHints":{"allow":["GET"]}}],"collection":[{"href":"https:\/\/loventi.com\/tr\/wp-json\/wp\/v2\/product"}],"about":[{"href":"https:\/\/loventi.com\/tr\/wp-json\/wp\/v2\/types\/product"}],"replies":[{"embeddable":true,"href":"https:\/\/loventi.com\/tr\/wp-json\/wp\/v2\/comments?post=719"}],"wp:featuredmedia":[{"embeddable":true,"href":"https:\/\/loventi.com\/tr\/wp-json\/wp\/v2\/media\/721"}],"wp:attachment":[{"href":"https:\/\/loventi.com\/tr\/wp-json\/wp\/v2\/media?parent=719"}],"wp:term":[{"taxonomy":"product_cat","embeddable":true,"href":"https:\/\/loventi.com\/tr\/wp-json\/wp\/v2\/product_cat?post=719"},{"taxonomy":"product_tag","embeddable":true,"href":"https:\/\/loventi.com\/tr\/wp-json\/wp\/v2\/product_tag?post=719"}],"curies":[{"name":"wp","href":"https:\/\/api.w.org\/{rel}","templated":true}]}}