{"id":725,"date":"2023-03-22T13:34:27","date_gmt":"2023-03-22T13:34:27","guid":{"rendered":"https:\/\/loventi.com\/?post_type=product&#038;p=725"},"modified":"2023-03-22T13:40:15","modified_gmt":"2023-03-22T13:40:15","slug":"portion-bites-cutting-knife","status":"publish","type":"product","link":"https:\/\/loventi.com\/tr\/product\/portion-bites-cutting-knife\/","title":{"rendered":"Porsiyon Lokma Kesme B\u0131\u00e7a\u011f\u0131"},"content":{"rendered":"<ul>\n<li>Porsiyon Lokma Kesme B\u0131\u00e7a\u011f\u0131m\u0131z, porsiyon lokma waffle kal\u0131plar\u0131m\u0131zla birlikte kullanmak i\u00e7in m\u00fckemmel bir alettir.<\/li>\n<li>Paslanmaz \u00e7elik kesme b\u0131\u00e7a\u011f\u0131.<\/li>\n<li>\u00d6zel lokmal\u0131k kesme tahtam\u0131z ile kullanmak i\u00e7in.<\/li>\n<\/ul>","protected":false},"excerpt":{"rendered":"<p><strong>PORS\u0130YON ATI\u015eTIRMALIK KESME BI\u00c7A\u011eI<\/strong><\/p>\n<ul>\n<li>Porsiyon Lokma Kesme B\u0131\u00e7a\u011f\u0131m\u0131z, porsiyon lokma waffle kal\u0131plar\u0131m\u0131zla birlikte kullanmak i\u00e7in m\u00fckemmel bir alettir.<\/li>\n<li>Paslanmaz \u00e7elik kesme b\u0131\u00e7a\u011f\u0131.<\/li>\n<li>\u00d6zel lokmal\u0131k kesme tahtam\u0131z ile kullanmak i\u00e7in.<\/li>\n<\/ul>","protected":false},"featured_media":723,"comment_status":"open","ping_status":"closed","template":"","meta":[],"product_cat":[78,82],"product_tag":[74,73,72,71,75],"class_list":["post-725","product","type-product","status-publish","has-post-thumbnail","hentry","product_cat-products","product_cat-waffle-tools","product_tag-americano-waffle","product_tag-belgium-waffle","product_tag-loventi-waffle","product_tag-waffle-machine","product_tag-waffle-plates","tm-no-options"],"_links":{"self":[{"href":"https:\/\/loventi.com\/tr\/wp-json\/wp\/v2\/product\/725","targetHints":{"allow":["GET"]}}],"collection":[{"href":"https:\/\/loventi.com\/tr\/wp-json\/wp\/v2\/product"}],"about":[{"href":"https:\/\/loventi.com\/tr\/wp-json\/wp\/v2\/types\/product"}],"replies":[{"embeddable":true,"href":"https:\/\/loventi.com\/tr\/wp-json\/wp\/v2\/comments?post=725"}],"wp:featuredmedia":[{"embeddable":true,"href":"https:\/\/loventi.com\/tr\/wp-json\/wp\/v2\/media\/723"}],"wp:attachment":[{"href":"https:\/\/loventi.com\/tr\/wp-json\/wp\/v2\/media?parent=725"}],"wp:term":[{"taxonomy":"product_cat","embeddable":true,"href":"https:\/\/loventi.com\/tr\/wp-json\/wp\/v2\/product_cat?post=725"},{"taxonomy":"product_tag","embeddable":true,"href":"https:\/\/loventi.com\/tr\/wp-json\/wp\/v2\/product_tag?post=725"}],"curies":[{"name":"wp","href":"https:\/\/api.w.org\/{rel}","templated":true}]}}