{"id":726,"date":"2023-03-22T13:41:03","date_gmt":"2023-03-22T13:41:03","guid":{"rendered":"https:\/\/loventi.com\/?post_type=product&#038;p=726"},"modified":"2023-03-22T13:46:52","modified_gmt":"2023-03-22T13:46:52","slug":"waffle-baker-heat-protection-shield","status":"publish","type":"product","link":"https:\/\/loventi.com\/tr\/product\/waffle-baker-heat-protection-shield\/","title":{"rendered":"Waffle Baker Is\u0131 Koruma Kalkan\u0131"},"content":{"rendered":"<ul>\n<li>\u00c7ocuklar\u0131n kendilerini yakmamalar\u0131 i\u00e7in kahvalt\u0131 b\u00fcfelerinde kullanabilece\u011finiz m\u00fckemmel bir alet.<\/li>\n<\/ul>","protected":false},"excerpt":{"rendered":"<p><strong>WAFFLE MAK\u0130NES\u0130 ISI KORUMA KALKANI<\/strong><\/p>\n<ul>\n<li>\u00c7ocuklar\u0131n kendilerini yakmamalar\u0131 i\u00e7in kahvalt\u0131 b\u00fcfelerinde kullanabilece\u011finiz m\u00fckemmel bir alet.<\/li>\n<\/ul>","protected":false},"featured_media":727,"comment_status":"open","ping_status":"closed","template":"","meta":[],"product_cat":[78,82],"product_tag":[74,73,72,71,75],"class_list":["post-726","product","type-product","status-publish","has-post-thumbnail","hentry","product_cat-products","product_cat-waffle-tools","product_tag-americano-waffle","product_tag-belgium-waffle","product_tag-loventi-waffle","product_tag-waffle-machine","product_tag-waffle-plates","tm-no-options"],"_links":{"self":[{"href":"https:\/\/loventi.com\/tr\/wp-json\/wp\/v2\/product\/726","targetHints":{"allow":["GET"]}}],"collection":[{"href":"https:\/\/loventi.com\/tr\/wp-json\/wp\/v2\/product"}],"about":[{"href":"https:\/\/loventi.com\/tr\/wp-json\/wp\/v2\/types\/product"}],"replies":[{"embeddable":true,"href":"https:\/\/loventi.com\/tr\/wp-json\/wp\/v2\/comments?post=726"}],"wp:featuredmedia":[{"embeddable":true,"href":"https:\/\/loventi.com\/tr\/wp-json\/wp\/v2\/media\/727"}],"wp:attachment":[{"href":"https:\/\/loventi.com\/tr\/wp-json\/wp\/v2\/media?parent=726"}],"wp:term":[{"taxonomy":"product_cat","embeddable":true,"href":"https:\/\/loventi.com\/tr\/wp-json\/wp\/v2\/product_cat?post=726"},{"taxonomy":"product_tag","embeddable":true,"href":"https:\/\/loventi.com\/tr\/wp-json\/wp\/v2\/product_tag?post=726"}],"curies":[{"name":"wp","href":"https:\/\/api.w.org\/{rel}","templated":true}]}}