{"id":729,"date":"2023-03-22T13:47:12","date_gmt":"2023-03-22T13:47:12","guid":{"rendered":"https:\/\/loventi.com\/?post_type=product&#038;p=729"},"modified":"2026-04-07T03:53:41","modified_gmt":"2026-04-07T03:53:41","slug":"waffle-shelf","status":"publish","type":"product","link":"https:\/\/loventi.com\/tr\/product\/waffle-shelf\/","title":{"rendered":"Waffle Raf\u0131"},"content":{"rendered":"<ul>\n<li>\u00c7ocuklar\u0131n kendilerini yakmamalar\u0131 i\u00e7in kahvalt\u0131 b\u00fcfelerinde kullanabilece\u011finiz m\u00fckemmel bir alet.<\/li>\n<\/ul>","protected":false},"excerpt":{"rendered":"<p><strong>WAFFLE RAFI<\/strong><\/p>\n<ul>\n<li>Pi\u015fmi\u015f waffle'lar\u0131 sergilemek i\u00e7in ideal bir ara\u00e7<\/li>\n<li>Waffle'lar\u0131 \u00e7\u0131t\u0131r tutar<\/li>\n<li>6 waffle'l\u0131k bir te\u015fhir i\u00e7in<\/li>\n<li>% 100 Paslanmaz \u00e7elikten imal edilmi\u015ftir.<\/li>\n<\/ul>","protected":false},"featured_media":730,"comment_status":"open","ping_status":"closed","template":"","meta":[],"product_cat":[78,82],"product_tag":[74,73,72,71,75],"class_list":["post-729","product","type-product","status-publish","has-post-thumbnail","hentry","product_cat-products","product_cat-waffle-tools","product_tag-americano-waffle","product_tag-belgium-waffle","product_tag-loventi-waffle","product_tag-waffle-machine","product_tag-waffle-plates","tm-no-options"],"_links":{"self":[{"href":"https:\/\/loventi.com\/tr\/wp-json\/wp\/v2\/product\/729","targetHints":{"allow":["GET"]}}],"collection":[{"href":"https:\/\/loventi.com\/tr\/wp-json\/wp\/v2\/product"}],"about":[{"href":"https:\/\/loventi.com\/tr\/wp-json\/wp\/v2\/types\/product"}],"replies":[{"embeddable":true,"href":"https:\/\/loventi.com\/tr\/wp-json\/wp\/v2\/comments?post=729"}],"wp:featuredmedia":[{"embeddable":true,"href":"https:\/\/loventi.com\/tr\/wp-json\/wp\/v2\/media\/730"}],"wp:attachment":[{"href":"https:\/\/loventi.com\/tr\/wp-json\/wp\/v2\/media?parent=729"}],"wp:term":[{"taxonomy":"product_cat","embeddable":true,"href":"https:\/\/loventi.com\/tr\/wp-json\/wp\/v2\/product_cat?post=729"},{"taxonomy":"product_tag","embeddable":true,"href":"https:\/\/loventi.com\/tr\/wp-json\/wp\/v2\/product_tag?post=729"}],"curies":[{"name":"wp","href":"https:\/\/api.w.org\/{rel}","templated":true}]}}