{"id":997,"date":"2020-09-01T19:23:02","date_gmt":"2020-09-01T19:23:02","guid":{"rendered":"https:\/\/loventi.com\/?post_type=product&#038;p=997"},"modified":"2026-04-07T06:49:44","modified_gmt":"2026-04-07T06:49:44","slug":"c-crispy-sugar-waffle-bakerfor-the-famous-belgium-pearl-sugar-wafflesfull-cnc-lazer-cut-cast-iron-waffle-plates","status":"publish","type":"product","link":"https:\/\/loventi.com\/tr\/product\/c-crispy-sugar-waffle-bakerfor-the-famous-belgium-pearl-sugar-wafflesfull-cnc-lazer-cut-cast-iron-waffle-plates\/","title":{"rendered":"<strong>C- CRISPY SUGAR WAFFLE BAKER<strong><br>For the Famous Belgium Pearl Sugar Waffles<br>Full CNC laser cut CAST IRON waffle plates"},"content":{"rendered":"<div class=\"vc_column-inner\">\n<div class=\"wpb_wrapper\">\n<div class=\"wpb_text_column wpb_content_element wpb_animate_when_almost_visible wpb_fadeIn fadeIn\">\n<div class=\"wpb_wrapper\">\n<section id=\"hakkimizda\" class=\"hakkimizda\">\n<div class=\"row\">\n<div class=\"col-sm-7\">\n<ul>\n<li>Our C Type Waffle Bakers are 220 V but can be adapted to the different voltage system for each country.<\/li>\n<li>Our Bakers are supplied with a silicone fork, a drip tray for the dough, a silicone brush to clean the waffle plates.<\/li>\n<li>As an option our Bakers come with a unique pantented &#8220;Waffle Control&#8221; application that can be downloaded and true icloud.<\/li>\n<li>Makinelerimiz 1 y\u0131l garantilidir.<\/li>\n<\/ul>\n<\/div>\n<\/div>\n<\/section>\n<\/div>\n<\/div>\n<\/div>\n<\/div>\n<p><!--more--><\/p>\n<p><!--more--><\/p>\n<div class=\"row\"  id=\"row-247435708\">\n\n\t<div id=\"col-141696315\" class=\"col small-12 large-12\"  >\n\t\t\t\t<div class=\"col-inner\"  >\n\t\t\t\n\t\t\t\n<div class=\"video video-fit mb\" style=\"padding-top:56.25%;\"><p><iframe loading=\"lazy\" title=\"LOVENTI CRISPY SUGAR WAFFLE BAKER\" width=\"1020\" height=\"574\" src=\"https:\/\/www.youtube.com\/embed\/1DmVeUmQw_o?feature=oembed\" frameborder=\"0\" allow=\"accelerometer; autoplay; clipboard-write; encrypted-media; gyroscope; picture-in-picture; web-share\" referrerpolicy=\"strict-origin-when-cross-origin\" allowfullscreen><\/iframe><\/p>\n<\/div>\n\t\t<\/div>\n\t\t\t\t\t<\/div>\n\n\t\n<\/div>","protected":false},"excerpt":{"rendered":"<table style=\"height: 214px;\" width=\"465\">\n<tbody>\n<tr>\n<td colspan=\"2\" width=\"367\"><strong>\u00d6ZELL\u0130KLER<\/strong><\/td>\n<\/tr>\n<tr>\n<td width=\"127\"><strong>Birim A\u011f\u0131rl\u0131k Net:<\/strong><\/td>\n<td width=\"240\">12 Kg<\/td>\n<\/tr>\n<tr>\n<td width=\"127\"><strong>Birim A\u011f\u0131rl\u0131k Br\u00fct:<\/strong><\/td>\n<td width=\"240\">12.5 Kg<\/td>\n<\/tr>\n<tr>\n<td width=\"127\"><strong>G\u00f6vde Malzemesi:<\/strong><\/td>\n<td width=\"240\">Enjekte Al\u00fcminyum<\/td>\n<\/tr>\n<tr>\n<td width=\"127\"><strong>Kal\u0131plar:<\/strong><\/td>\n<td width=\"240\">Cast Iron CNC laser cut<\/td>\n<\/tr>\n<tr>\n<td width=\"127\"><strong>Ambalaj Kutusu:<\/strong><\/td>\n<td width=\"240\">Karton Kutu<\/td>\n<\/tr>\n<\/tbody>\n<\/table>","protected":false},"featured_media":998,"comment_status":"open","ping_status":"closed","template":"","meta":[],"product_cat":[78,70,91],"product_tag":[74,73,72,71,75],"class_list":["post-997","product","type-product","status-publish","has-post-thumbnail","hentry","product_cat-products","product_cat-waffle-bakers","product_cat-c-type","product_tag-americano-waffle","product_tag-belgium-waffle","product_tag-loventi-waffle","product_tag-waffle-machine","product_tag-waffle-plates","tm-no-options"],"_links":{"self":[{"href":"https:\/\/loventi.com\/tr\/wp-json\/wp\/v2\/product\/997","targetHints":{"allow":["GET"]}}],"collection":[{"href":"https:\/\/loventi.com\/tr\/wp-json\/wp\/v2\/product"}],"about":[{"href":"https:\/\/loventi.com\/tr\/wp-json\/wp\/v2\/types\/product"}],"replies":[{"embeddable":true,"href":"https:\/\/loventi.com\/tr\/wp-json\/wp\/v2\/comments?post=997"}],"wp:featuredmedia":[{"embeddable":true,"href":"https:\/\/loventi.com\/tr\/wp-json\/wp\/v2\/media\/998"}],"wp:attachment":[{"href":"https:\/\/loventi.com\/tr\/wp-json\/wp\/v2\/media?parent=997"}],"wp:term":[{"taxonomy":"product_cat","embeddable":true,"href":"https:\/\/loventi.com\/tr\/wp-json\/wp\/v2\/product_cat?post=997"},{"taxonomy":"product_tag","embeddable":true,"href":"https:\/\/loventi.com\/tr\/wp-json\/wp\/v2\/product_tag?post=997"}],"curies":[{"name":"wp","href":"https:\/\/api.w.org\/{rel}","templated":true}]}}